{"id":12066,"date":"2013-06-26T14:04:43","date_gmt":"2013-06-26T19:04:43","guid":{"rendered":"http:\/\/luisapiccarreta.co\/?page_id=12066"},"modified":"2013-07-16T18:07:38","modified_gmt":"2013-07-16T23:07:38","slug":"62013-letter-from-the-archbishop-of-trani-census-of-the-divine-will-groups","status":"publish","type":"page","link":"https:\/\/luisapiccarreta.co\/?page_id=12066","title":{"rendered":"6\/20\/13 Letter from the Archbishop of Trani:  Census of the Divine Will Groups."},"content":{"rendered":"<div><span style=\"font-family: 'Times New Roman';\">Dear Friends!<\/span><\/div>\n<div><span style=\"font-family: 'Times New Roman';\">Great News!!!\u00a0\u00a0\u00a0<\/span><span style=\"font-family: 'Times New Roman';\">Attached is a new letter from the Archbishop of Trani.<\/span><\/div>\n<div><span style=\"font-family: 'Times New Roman';\">He is requesting all Divine Will groups to register by completing and sending in this form to him\u00a0\u00a0by email to the following address:\u00a0\u00a0<strong><a href=\"mailto:segreteria@causaluisapiccarreta.it\">segreteria@causaluisapiccarreta.it<\/a><\/strong>\u00a0 no later than July 30, 2013.<\/span><\/div>\n<div><span style=\"font-family: 'Times New Roman';\">Below is a translation in English to help you.<\/span><\/div>\n<div><span style=\"font-family: 'Times New Roman';\">This is a good sign that Luisa&#8217;s cause is proceeding forward and she is getting closer to being officially declared a Saint.<\/span><\/div>\n<div><strong><em><span style=\"font-family: 'Times New Roman';\">Fiat always!!!<\/span><\/em><\/strong><\/div>\n<div><\/div>\n<div>\n<div style=\"text-align: center;\"><b><\/b><span style=\"color: #ffffff;\">\u00a0***<\/span><\/div>\n<div><\/div>\n<\/div>\n<div><span style=\"font-family: Arial; font-size: small;\">A nome dell&#8217;Arcivescovo invio la presente lettera e la scheda relativa.<br \/>\nSpero presto di poter inviare anche una traduzione in inglese e spagnolo.<br \/>\nAssicurando la disponibilit\u00e0 ad ogni chiarimento, saluto caramente<br \/>\nDon Sergio Pellegrini,<br \/>\nresponsabile della Segreteria per la Causa di Beatificazione della Serva di Dio Luisa Piccarreta<br \/>\n<\/span><\/div>\n<div>(English translation follows)<\/div>\n<div style=\"text-align: center;\"><span style=\"color: #ffffff;\">aa<\/span><\/div>\n<div style=\"text-align: center;\"><span style=\"color: #ffffff;\">***<\/span><\/div>\n<div><strong>Subject: \u00a0Group census of the Divine Will<\/strong><\/div>\n<div dir=\"ltr\">\n<p>On behalf of the Archbishop I am sending this letter and the related form. I soon hope to be able to send a translation in English and Spanish.<br \/>\nAssuring availability to any clarifications, I greet you affectionately.<br \/>\n<strong><em>Padre Sergio Pellegrini,<\/em><\/strong><br \/>\n<em>Official Secretary for the Cause of Beatification of the Servant of God Luisa Piccarreta.<\/em><\/p>\n<p style=\"text-align: center;\"><span style=\"color: #ffffff;\">III<\/span><span style=\"color: #ffffff;\">***<\/span><\/p>\n<p>Prot. n. 105\/13\/C3<\/p>\n<p style=\"text-align: center;\"><strong>Circular Letter<\/strong><\/p>\n<p>Dearest Sisters and Brothers,<\/p>\n<p>I hereby wish to present a DATA FORM for the \u201cDivine Will\u201d groups of your direct knowledge.\u00a0 With compilation it will be possible to gather useful information to conduct an initial survey that will then be regularly updated.\u00a0 The initiative comes as a realization of what I wrote in\u00a0<i>Communiqu\u00e9<\/i>\u00a0number 3 of November 1, 2012:\u00a0 \u201cThe diffusion in the world of the figure and writings of the Servant of God Luisa Piccarreta has grown considerably in recent years, reaching new nations in all continents.\u00a0 (\u2026)\u00a0 The joy of witnessing the growth of this reality is accompanied by the concern to extend to all a heartfelt\u00a0<span style=\"color: #ff0000;\"><strong>appeal for unity<\/strong><\/span>.\u201d\u00a0 From this the commitment to \u201cCreate a network of links between the various groups united with their own Bishop and our Archdiocese to make more visible the great family of the\u00a0<i>Divine Will.\u201d<\/i><\/p>\n<p>The data collected will be published on the official website of the \u201cSecretary for the Cause of Beatification\u201d (<a title=\"CAUSE LP\" href=\"http:\/\/www.causaluisapiccarreta.it\/pagine\/testo.aspx?codpage=1\" target=\"_blank\">www.causaluisapiccarreta.it<\/a>) and shall be used to convey news and updates on changes to the Cause and the life of the same groups in the world.<\/p>\n<p>I ask everyone that the completed form arrives to the\u00a0<strong><a href=\"mailto:segreteria@causaluisapiccarreta.it\">segreteria@causaluisapiccarreta.it<\/a><\/strong><a href=\"http:\/\/webmail.roadrunner.com\/do\/mail\/message\/mailto?to=segreteria%40causaluisapiccarreta.it\" target=\"_blank\"><br \/>\n<\/a>address no later than July 30, 2013.<\/p>\n<p>I am certain that this initiative will find your enthusiastic welcome and full cooperation.\u00a0 Daily invoking the coming of the Kingdom, regards to all with fraternal friendship,<\/p>\n<p>Trani, June 20 2013<\/p>\n<p><strong><em>Giovan Battista Pichierri<\/em><\/strong><\/p>\n<p><i>Archbishop<\/i><\/p>\n<p>&nbsp;<\/p>\n<p>_________________________________________________________________________<span style=\"color: #ffffff;\">__<\/span><span style=\"color: #ffffff;\">000<\/span><\/p>\n<p style=\"text-align: center;\"><strong>Everyone who is interested in The Servant of God Luisa Piccarreta and the great Gift of the Divine Will, please fill out the following form and send to<br \/>\n<span style=\"color: #ff0000;\"><em>Padre Sergio\u00a0<\/em><\/span><strong><em><span style=\"color: #ff0000;\">\u00a0Pellegrini<\/span> at\u00a0<strong><a href=\"mailto:segreteria@causaluisapiccarreta.it\">segreteria@causaluisapiccarreta.it<\/a><\/strong><\/em><\/strong><span style=\"color: #0000ff;\">\u00a0<\/span>by\u00a0<span style=\"color: #ff0000;\">July 30, 2013<\/span>.<\/strong><\/p>\n<p>&nbsp;<\/p>\n<p align=\"center\"><strong>DATA SHEET OF GROUP<br \/>\n<\/strong><b>(fill in only the known fields)<\/b><\/p>\n<p align=\"center\"><span style=\"color: #ffffff;\">OO<\/span><\/p>\n<p>NAME OF THE GROUP \u00a0_____________________________________________________<\/p>\n<p>LOCATION (Where it is located &#8211; town is sufficient) ________________________________<\/p>\n<p>DIOCESE ________________________________________________________________<\/p>\n<p>CURRENT BISHOP_________________________________________________________<\/p>\n<p>RESPONSIBLE FOR THE GROUP _____________________________________________<\/p>\n<p>ASSISTANT ECCLESIASTIC __________________________________________________<\/p>\n<p>WEB SITE ________________________________________________________________<\/p>\n<p>EMAIL address ____________________________________________________________<\/p>\n<p>YEAR OF FOUNDATION OF THE GROUP _______________________________________<\/p>\n<p>YEAR OF ECCLESIASTICAL APPROVAL (you can attach a copy of the Decree or other documents) _______________________________________________________________<\/p>\n<p>APPROXIMATE NUMBER OF MEMBERS OF THE prayer GROUP ____________________<\/p>\n<p>HOW THE DOCTRINE OF THE DIVINE WILL CAME TO BE KNOWN (a brief explanation) _________________________________________________________________________<br \/>\n_________________________________________________________________________<br \/>\n_________________________________________________________________________<br \/>\n_________________________________________________________________________<br \/>\n_________________________________________________________________________<br \/>\n_________________________________________________________________________<\/p>\n<p>FORMATIVE ACTIVITIES OF THE GROUP _______________________________________<br \/>\n_________________________________________________________________________<br \/>\n_________________________________________________________________________<br \/>\n_________________________________________________________________________<br \/>\n_________________________________________________________________________<\/p>\n<p>NOTES (you can attach photos or other documents) ______________________________<br \/>\n_________________________________________________________________________<br \/>\n_________________________________________________________________________<br \/>\n_________________________________________________________________________<\/p>\n<p style=\"text-align: center;\"><strong>Please email the completed form to Padre<em>\u00a0Sergio\u00a0<\/em><strong><em>\u00a0Pellegrini<br \/>\n<\/em>at<em>\u00a0<strong><a href=\"mailto:segreteria@causaluisapiccarreta.it\">segreteria@causaluisapiccarreta.it<\/a><\/strong><\/em><\/strong><br \/>\nby\u00a0July 30, 2013<\/strong><\/p>\n<p>[gview file=&#8221;http:\/\/luisapiccarreta.co\/wp-content\/uploads\/2013\/06\/ARCIVESCOVO-Lettera-CENSIMENTO-Scheda-dati-2013.pdf&#8221;]<\/p>\n<p style=\"text-align: center;\">***<\/p>\n<p style=\"text-align: center;\"><span style=\"color: #ff0000;\"><strong>ESPANOL<\/strong><\/span><\/p>\n<p align=\"left\">Prot. n. 105\/13\/C3<\/p>\n<p align=\"center\"><b>\u00a0<\/b><\/p>\n<p align=\"center\"><b>CIRCULAR<\/b><\/p>\n<p>&nbsp;<\/p>\n<p>Estimados,<\/p>\n<p>con la presente quiero orecerles una FICHA DE DATOS de los grupos de la \u201cDivina Voluntad\u201d de los que tengan conocimiento directo. Compilando esta ficha ser\u00e1 posible recopilar datos \u00fatiles para un primer censo que, despu\u00e9s, ser\u00e1 renovado periodicamente. Esta iniciativa nace como concretizaci\u00f3n de lo que he escrito en el <i>Comunicado<\/i> n. 3 del primero de noviembre de 2012: \u00abLa difusi\u00f3n mundial de la figura y de los escritos de la Sierva de Dios Luisa Piccarreta ha crecido mucho en los \u00faltimos a\u00f1os, alcanzando nuevos pa\u00edses en todos los continentes. (&#8230;) Junto a la alegr\u00eda de constatar el crecimiento de esta realidad est\u00e1 la inquietud de ofrecer a todos un cordial <b>llamado a la unidad<\/b>\u00bb. Por eso la necesidad de \u00abcrear una red entre los distintos grupos unidos a sus Obispos y a nuestra Arquidi\u00f3cesis para hacer cada vez m\u00e1s visible la gran familia de la <i>Divina Voluntad<\/i>\u00bb.<\/p>\n<p>Recopilados los datos, se publicar\u00e1n en el sitio oficial de la \u201cSecretar\u00eda de la Causa de Beatificaci\u00f3n\u201d (<a title=\"LP Italy\" href=\"http:\/\/www.causaluisapiccarreta.it\/pagine\/testo.aspx?codpage=1\" target=\"_blank\">www.causaluisapiccarreta.it<\/a>) y se utilizar\u00e1n para mandar noticias y novedades relativas al avance de la Causa y a la vida de los mismos grupos en el mundo.<\/p>\n<p>Les pido a todos que llenen y env\u00eden la ficha de datos <strong><span style=\"text-decoration: underline;\">antes del 30 de julio de 2013<\/span> <\/strong>al correo electronico\u00a0<strong><strong><em><strong><a href=\"mailto:segreteria@causaluisapiccarreta.it\">segreteria@causaluisapiccarreta.it<\/a><\/strong><\/em><\/strong><\/strong><\/p>\n<p>Tengo la seguridad de que esta iniciativa encontrar\u00e1 respuesta favorable por parte de todos ustedes. Invocando cotidianamente la venida del Reino, les saludo a todos con amistad fraterna.<\/p>\n<p>&nbsp;<\/p>\n<p>Trani, 20 de junio de 2013<\/p>\n<p>&nbsp;<\/p>\n<p align=\"center\"><b>FICHA DE DATOS DEL GRUPO<\/b><\/p>\n<p align=\"center\"><b>(escribir solo los datos ciertos)<\/b><\/p>\n<p><b>\u00a0<\/b><\/p>\n<p align=\"left\">DENOMINACI\u00d3N DEL GRUPO&#8230;&#8230;&#8230;&#8230;&#8230;&#8230;&#8230;&#8230;&#8230;&#8230;&#8230;&#8230;&#8230;&#8230;\u2026\u2026\u2026\u2026\u2026\u2026\u2026\u2026\u2026<\/p>\n<p align=\"left\">SEDE&#8230;&#8230;&#8230;&#8230;&#8230;&#8230;&#8230;&#8230;&#8230;&#8230;&#8230;&#8230;&#8230;&#8230;&#8230;&#8230;&#8230;&#8230;..\u2026\u2026\u2026\u2026\u2026\u2026\u2026\u2026\u2026\u2026\u2026\u2026&#8230;\u2026\u2026\u2026<\/p>\n<p align=\"left\">DI\u00d3CESIS&#8230;&#8230;&#8230;&#8230;&#8230;&#8230;\u2026\u2026&#8230;&#8230;&#8230;&#8230;&#8230;&#8230;&#8230;..\u2026\u2026\u2026\u2026\u2026\u2026\u2026\u2026\u2026\u2026\u2026\u2026\u2026\u2026\u2026&#8230;<\/p>\n<p align=\"left\">OBISPO ACTUAL &#8230;&#8230;&#8230;&#8230;&#8230;&#8230;&#8230;&#8230;&#8230;&#8230;&#8230;&#8230;&#8230;&#8230;&#8230;&#8230;\u2026\u2026\u2026\u2026\u2026\u2026\u2026\u2026\u2026\u2026\u2026\u2026..<\/p>\n<p align=\"left\">RESPONSABLE(S) DEL GRUPO&#8230;&#8230;&#8230;&#8230;&#8230;&#8230;\u2026\u2026\u2026\u2026\u2026\u2026\u2026\u2026\u2026\u2026\u2026\u2026\u2026\u2026.<\/p>\n<p align=\"left\">ASISTENTE ECLESI\u00c1STICO&#8230;&#8230;&#8230;&#8230;&#8230;\u2026\u2026\u2026\u2026\u2026\u2026\u2026\u2026\u2026\u2026\u2026\u2026\u2026\u2026\u2026\u2026\u2026<\/p>\n<p align=\"left\">WEBSITE&#8230;&#8230;&#8230;&#8230;&#8230;&#8230;&#8230;&#8230;&#8230;&#8230;&#8230;\u2026\u2026\u2026\u2026\u2026\u2026\u2026\u2026\u2026\u2026\u2026\u2026\u2026\u2026\u2026\u2026\u2026\u2026\u2026\u2026<\/p>\n<p align=\"left\">EMAIL&#8230;&#8230;&#8230;&#8230;&#8230;&#8230;&#8230;\u2026\u2026\u2026\u2026\u2026\u2026\u2026\u2026\u2026\u2026\u2026\u2026\u2026\u2026\u2026\u2026\u2026\u2026\u2026\u2026\u2026\u2026\u2026\u2026.<\/p>\n<p align=\"left\">A\u00d1O DE LA FUNDACI\u00d3N DEL GRUPO&#8230;&#8230;&#8230;&#8230;&#8230;&#8230;&#8230;&#8230;&#8230;\u2026\u2026\u2026\u2026\u2026\u2026\u2026\u2026\u2026<\/p>\n<p align=\"left\">A\u00d1O DE LA APROBACI\u00d3N ECLESI\u00c1STICA&#8230;&#8230;&#8230;&#8230;&#8230;&#8230;&#8230;&#8230;&#8230;&#8230;.. (adjuntar una copia del Decreto o alg\u00fan otro documento)<\/p>\n<p align=\"left\">N\u00daMERO APROXIMADO DE LOS MIEMBROS DEL GRUPO&#8230;&#8230;&#8230;&#8230;&#8230;&#8230;\u2026\u2026<\/p>\n<p align=\"left\">C\u00d3MO EL GRUPO HA CONOCIDO LA ESPIRITUALIDAD DE LA DIVINA VOLUNTAD (historia breve)&#8230;&#8230;&#8230;&#8230;&#8230;&#8230;&#8230;&#8230;&#8230;&#8230;&#8230;&#8230;&#8230;&#8230;&#8230;&#8230;&#8230;&#8230;&#8230;&#8230;\u2026\u2026\u2026\u2026\u2026\u2026\u2026\u2026\u2026\u2026<\/p>\n<p align=\"left\">ACTIVIDADES DEL GRUPO &#8230;&#8230;&#8230;&#8230;&#8230;&#8230;&#8230;&#8230;&#8230;&#8230;&#8230;&#8230;&#8230;&#8230;&#8230;&#8230;&#8230;&#8230;&#8230;&#8230;\u2026\u2026\u2026\u2026.<\/p>\n<p align=\"left\">NOTAS (se pueden adjuntar fotos o documentos)&#8230;&#8230;&#8230;&#8230;&#8230;&#8230;&#8230;&#8230;&#8230;\u2026\u2026\u2026\u2026<\/p>\n<p align=\"left\"><b>\u00a0<\/b><\/p>\n<p>&nbsp;<\/p>\n<p>&nbsp;<\/p>\n<\/div>\n","protected":false},"excerpt":{"rendered":"<p>Dear Friends! Great News!!!\u00a0\u00a0\u00a0Attached is a new letter from the Archbishop of Trani. He is requesting all Divine Will groups to register by completing and sending in this form to him\u00a0\u00a0by email to the following address:\u00a0\u00a0segreteria@causaluisapiccarreta.it\u00a0 no later than July &hellip; <a href=\"https:\/\/luisapiccarreta.co\/?page_id=12066\">Continue reading <span class=\"meta-nav\">&rarr;<\/span><\/a><\/p>\n","protected":false},"author":7779,"featured_media":0,"parent":12086,"menu_order":0,"comment_status":"closed","ping_status":"closed","template":"","meta":{"footnotes":""},"class_list":["post-12066","page","type-page","status-publish","hentry"],"_links":{"self":[{"href":"https:\/\/luisapiccarreta.co\/index.php?rest_route=\/wp\/v2\/pages\/12066","targetHints":{"allow":["GET"]}}],"collection":[{"href":"https:\/\/luisapiccarreta.co\/index.php?rest_route=\/wp\/v2\/pages"}],"about":[{"href":"https:\/\/luisapiccarreta.co\/index.php?rest_route=\/wp\/v2\/types\/page"}],"author":[{"embeddable":true,"href":"https:\/\/luisapiccarreta.co\/index.php?rest_route=\/wp\/v2\/users\/7779"}],"replies":[{"embeddable":true,"href":"https:\/\/luisapiccarreta.co\/index.php?rest_route=%2Fwp%2Fv2%2Fcomments&post=12066"}],"version-history":[{"count":5,"href":"https:\/\/luisapiccarreta.co\/index.php?rest_route=\/wp\/v2\/pages\/12066\/revisions"}],"predecessor-version":[{"id":12283,"href":"https:\/\/luisapiccarreta.co\/index.php?rest_route=\/wp\/v2\/pages\/12066\/revisions\/12283"}],"up":[{"embeddable":true,"href":"https:\/\/luisapiccarreta.co\/index.php?rest_route=\/wp\/v2\/pages\/12086"}],"wp:attachment":[{"href":"https:\/\/luisapiccarreta.co\/index.php?rest_route=%2Fwp%2Fv2%2Fmedia&parent=12066"}],"curies":[{"name":"wp","href":"https:\/\/api.w.org\/{rel}","templated":true}]}}