{"id":18291,"date":"2017-02-09T18:17:07","date_gmt":"2017-02-09T23:17:07","guid":{"rendered":"http:\/\/luisapiccarreta.co\/?page_id=18291"},"modified":"2018-01-31T19:04:21","modified_gmt":"2018-02-01T00:04:21","slug":"powerful-exorcism-prayer-by-an-authorised-catholic-priest-fr-bing-in-latin","status":"publish","type":"page","link":"https:\/\/luisapiccarreta.co\/?page_id=18291","title":{"rendered":"Powerful Exorcism Prayer, in Latin"},"content":{"rendered":"<p><iframe loading=\"lazy\" title=\"Esorcismo di Leone XIII (Latino) - Per Uso Privato\" width=\"584\" height=\"438\" src=\"https:\/\/www.youtube.com\/embed\/U1RroGKv1zo?feature=oembed\" frameborder=\"0\" allow=\"accelerometer; autoplay; clipboard-write; encrypted-media; gyroscope; picture-in-picture; web-share\" referrerpolicy=\"strict-origin-when-cross-origin\" allowfullscreen><\/iframe><\/p>\n<table id=\"picture\" border=\"0\" width=\"85\" cellspacing=\"0\" cellpadding=\"0\" align=\"left\">\n<tbody>\n<tr>\n<td width=\"75\">\n<p style=\"text-align: center;\"><b>E<\/b><b>xorcismus in Satanam et Angelos Apostaticos<\/b><\/p>\n<\/td>\n<\/tr>\n<\/tbody>\n<\/table>\n<table border=\"0\" width=\"506\" cellspacing=\"3\" cellpadding=\"3\">\n<tbody>\n<tr>\n<td width=\"245\">In n\u00f3mine P\u00e1tris, et F\u00edlii, + et Spir\u00edtus Sancti. Amen.<b>Psalmus LXVII<\/b><\/p>\n<p>Exs\u00fargat Deus et dissip\u00e9ntur inim\u00edci ejus: et f\u00fagiant qui od\u00e9runt eum a f\u00e1cie ejus.<\/p>\n<p>Sicut d\u00e9ficit fumus def\u00edciant; sicut fluit cera a f\u00e1cie \u00edgnis, sic p\u00e9reant peccat\u00f3res a f\u00e1cie Dei.<\/p>\n<p><b>Psalmus XXXIV<\/b><\/p>\n<p>J\u00fadica D\u00f3mine noc\u00e9ntes me; exp\u00fagna impugn\u00e1ntes me.<br \/>\nConfund\u00e1ntur et revere\u00e1ntur quaer\u00e9ntes \u00e1nimam meam.<br \/>\nAvert\u00e1ntur retr\u00f3rsum et confund\u00e1ntur, cogit\u00e1ntes m\u00edhi m\u00e1la.<br \/>\nF\u00edant t\u00e1amquam p\u00falvis ante f\u00e1ciem v\u00e9nti: et \u00c1ngelus D\u00f3mini co\u00e1rctans eos.<br \/>\nFiat via ill\u00f3rum t\u00e9nebrae, et l\u00fabricum: et \u00c1ngelus D\u00f3mini p\u00e9rsequens eos.<br \/>\nQu\u00f3niam gr\u00e1tis abscond\u00e9runt m\u00edhi int\u00e9ritum l\u00e1quei sui: superv\u00e1cue exprobrav\u00e9runt \u00e1nimam meam.<br \/>\nV\u00e9niat illi l\u00e1queus quem ign\u00f3rat; et c\u00e1ptio quam absc\u00f3ndit, apreh\u00e9ndat eum: et in l\u00e1queum c\u00e1dat in ipsum.<br \/>\n\u00c1nima \u00e1utem mea exsult\u00e1bit in D\u00f3mino: et delect\u00e1bitur super salut\u00e1ri suo. Gl\u00f3ria P\u00e1tri, et F\u00edlio, et Spir\u00edtui Sancto.<br \/>\nS\u00edcut \u00e9rat in princ\u00edpio et nunc et semper, et in sa\u00e9cula sa\u00e9cul\u00f3rum. Amen.<\/p>\n<p><b>Ad S. Michaelem Archangelum. Precatio<\/b><\/p>\n<p>Pr\u00ednceps glorios\u00edssime coel\u00e9stis mil\u00edtiae, sancte M\u00edchael Arch\u00e1ngele, def\u00e9nde nos in pro\u00e9lio et colluctati\u00f3ne, quae nobis est adv\u00e9rsus pr\u00edncipes et potest\u00e1tes, adv\u00e9rsus m\u00fandi rect\u00f3res tenebr\u00e1rum h\u00e1rum, contra spiritu\u00e1lia nequ\u00edtiae, in coel\u00e9stibus (Eph 6). V\u00e9ni in aux\u00edlium h\u00f3minum; quos Deus cre\u00e1vit inextermin\u00e1biles, et ad im\u00e1ginem similit\u00fadinis suae f\u00e9cit, et a tyr\u00e1nnide di\u00e1boli emit pr\u00e9tio m\u00e1gno (Sap 2:1; Cor 6).<\/p>\n<p>Proeli\u00e1re h\u00f3die cum beat\u00f3rum Angel\u00f3rum ex\u00e9rcitu pro\u00e9lia D\u00f3mini, s\u00edcut pugn\u00e1sti \u00f3lim contra d\u00facem sup\u00e9rbiae luc\u00edferum et \u00e1ngelus \u00e9jus apost\u00e1ticos; et non valu\u00e9runt, n\u00e9que l\u00f3cus inv\u00e9ntus est e\u00f3rum \u00e1mplius in ca\u00e9lo. Sed proj\u00e9ctus est dr\u00e1co \u00edlle m\u00e1gnus, s\u00e9rpens ant\u00edquus, qui voc\u00e1tur di\u00e1bolus et s\u00e1tanas, qui sed\u00facit univ\u00e9rsum \u00f3rbem; et proj\u00e9ctus est in t\u00e9rram, et \u00e1ngeli \u00e9jus cum \u00edllo m\u00edssi sunt (Apoc 12).<\/p>\n<p>En ant\u00edquus inim\u00edcus et homic\u00edda vehem\u00e9nter er\u00e9ctus est. Transfigur\u00e1tus in \u00e1ngelum l\u00facis, cum t\u00f3ta malign\u00f3rum spir\u00edtuum cat\u00e9rva l\u00e1te c\u00edrcuit et inv\u00e1dit t\u00e9rram, ut in ea d\u00e9leat n\u00f3men Dei et Christi \u00e9jus, anim\u00e1sque ad aet\u00e9rnae gl\u00f3riae cor\u00f3nam destin\u00e1tas fur\u00e9tur, m\u00e1ctet ac p\u00e9rdat in sempit\u00e9rnum int\u00e9ritum.<\/p>\n<p>V\u00edrus nequ\u00edtiae suae, t\u00e1mquam fl\u00famen immund\u00edssimum, dr\u00e1co mal\u00e9ficus transf\u00fandit in h\u00f3mines deprav\u00e1tos m\u00e9nte et corr\u00faptos c\u00f3rde; sp\u00edritum mend\u00e1cii, impiet\u00e1tis et blasph\u00e9miae; halit\u00famque mort\u00edferum lux\u00fariae, viti\u00f3rum \u00f3mnium et iniquit\u00e1tum. Eccl\u00e9siam, \u00c1gni immacul\u00e1ti sp\u00f3nsam, vaf\u00e9rrimi h\u00f3stes replev\u00e9runt amaritud\u00ednibus, inebri\u00e1runt abs\u00ednthio; ad \u00f3mnia desiderab\u00edlia \u00e9jus \u00edmpias mis\u00e9runt m\u00e1nus. \u00dabi s\u00e9des beat\u00edssimi P\u00e9tri et C\u00e1thedra verit\u00e1tis ad l\u00facem g\u00e9ntium constit\u00fata est, ibi thr\u00f3num posu\u00e9runt abominati\u00f3nis et impiet\u00e1tis suae; ut perc\u00fasso Past\u00f3re, et gr\u00e9gem disp\u00e9rdere v\u00e1leant.<\/p>\n<p>Ad\u00e9sto \u00edtaquae, Dux invict\u00edssime, p\u00f3pulo Dei contra irrump\u00e9ntes spirit\u00e1les nequ\u00edtias, et fac vict\u00f3riam. Te cust\u00f3dem et patr\u00f3num s\u00e1ncta vener\u00e1tur Eccl\u00e9sia; te glori\u00e1tur defens\u00f3re adv\u00e9rsus terr\u00e9strium et infern\u00f3rum nef\u00e1rias potest\u00e1tes; t\u00edbi tr\u00e1didit D\u00f3minus \u00e1nimas redempt\u00f3rum in sup\u00e9rna felicit\u00e1te loc\u00e1ndas. Deprec\u00e1re Deum p\u00e1cis, ut c\u00f3nterat s\u00e1tanam sub p\u00e9dibus n\u00f3stris, ne \u00faltra v\u00e1leat capt\u00edvos ten\u00e9re h\u00f3mines, et Eccl\u00e9siae noc\u00e9re. \u00d3ffer n\u00f3stras pr\u00e9ces in consp\u00e9ctu Alt\u00edssimi, ut c\u00edto ant\u00edcipent nos miseric\u00f3rdiae D\u00f3mini, et appreh\u00e9ndas drac\u00f3nem serp\u00e9ntem ant\u00edquum, qui est di\u00e1bolus et s\u00e1tanas, ac lig\u00e1tum m\u00edttas in ab\u00fdssum, ut non sed\u00facat \u00e1mplius g\u00e9ntes (Apoc 20).<\/p>\n<p>Hinc tuo conf\u00edsi praes\u00eddio ac tut\u00e9la<\/p>\n<p>(<i>si fuerit clericus:<\/i> s\u00e1cri minist\u00e9rii nostri auctorit\u00e1te)<br \/>\n(<i>si fuerit laicus:<\/i> s\u00e1cra S\u00e1nctae M\u00e1tris Eccl\u00e9siae auctorit\u00e1te),<\/p>\n<p>ad infestati\u00f3nes diab\u00f3licae fr\u00e1udis repell\u00e9ndas in n\u00f3mine J\u00e9su Chr\u00edsti Dei et D\u00f3mini n\u00f3stri fid\u00e9ntes et sec\u00fari agr\u00e9dimur.<\/p>\n<p>V. \u00c9cce Cr\u00facem D\u00f3mini, f\u00fagite p\u00e1rtes adv\u00e9rsae.<br \/>\nR. V\u00edcit Leo de tr\u00edbu J\u00fada, r\u00e1dix D\u00e1vid.<br \/>\nV. F\u00edat miseric\u00f3rdia tua D\u00f3mine, super nos.<br \/>\nR. Quem\u00e1dmodum sper\u00e1vimus in te.<br \/>\nV. D\u00f3mine, ex\u00e1udi orati\u00f3nem m\u00e9am.<br \/>\nR. Et cl\u00e1mor meus ad te v\u00e9niat.<br \/>\n(si fuerit clericus: V. D\u00f3minus vob\u00edscum R. Et cum sp\u00edritu tuo.)<\/p>\n<p>Or\u00e9mus<\/p>\n<p>Deus, et p\u00e1ter D\u00f3mini n\u00f3stri Jesu Christi, invoc\u00e1mus n\u00f3men s\u00e1nctum tuum, et clem\u00e1ntiam tuam s\u00fapplices exp\u00f3scimus: ut per intercessi\u00f3nem immacul\u00e1tae semper V\u00edrginis Dei Genitr\u00edcis Mar\u00edae, be\u00e1ti Micha\u00e9lis Arch\u00e1ngeli, be\u00e1ti J\u00f3seph ej\u00fasdem be\u00e1tae V\u00edrginis Sponsi, beat\u00f3rum Apostol\u00f3rum P\u00e9tri et P\u00e1uli et \u00f3mnium Sanct\u00f3rum, adv\u00e9rsus s\u00e1tanam, omn\u00e9sque \u00e1lios imm\u00fandos sp\u00edritus, qui ad noc\u00e9ndum hum\u00e1no g\u00e9neri anim\u00e1sque perd\u00e9ndas pervag\u00e1ntur in m\u00fando, n\u00f3bis aux\u00edlium praest\u00e1re dign\u00e9ris.<\/p>\n<p>Per e\u00famdem Chr\u00edstum D\u00f3minum n\u00f3strum.<br \/>\nR. \u00c1men.<\/p>\n<p><b>Exocismus<\/b><\/p>\n<p>Exorciz\u00e1mos te, \u00f3mnis imm\u00fande sp\u00edritus, \u00f3mnis sat\u00e1nic pot\u00e9stas, \u00f3mnis infern\u00e1lis advers\u00e1rii, \u00f3mnis l\u00e9gio, \u00f3mnis congreg\u00e1tio et s\u00e9cta diab\u00f3lica, in n\u00f3mine et virt\u00fate D\u00f3mini n\u00f3stri J\u00e9su <b>+<\/b> Chr\u00edsti, eradic\u00e1re et effug\u00e1re a Dei Eccl\u00e9sia, ab anim\u00e1bus ad im\u00e1ginem Dei c\u00f3nditis ac preti\u00f3so div\u00edni \u00c1gni s\u00e1nguine red\u00e9mptis. <b>+<\/b>Non \u00faltra \u00e1udeas, s\u00e9rpens callid\u00edssime, dec\u00edpere hum\u00e1num g\u00e9nus, Dei Eccl\u00e9siam p\u00e9rsequi, ac Dei el\u00e9ctos exc\u00fatere et cribr\u00e1re sicut tr\u00edticum. <b>+<\/b> \u00cdmperat t\u00edbi Deus alt\u00edssimus, <b>+<\/b> cui in m\u00e1gna tua sup\u00e9rbia te s\u00edmile hab\u00e9ri \u00e1dhuc praes\u00famis; qui \u00f3mnes h\u00f3miness vult s\u00e1lvos f\u00ederi, et ad agniti\u00f3nem verit\u00e1tis ven\u00edre (1 Tim 2).<\/p>\n<p>\u00cdmperat t\u00edbi D\u00e9us Pater; <b>+<\/b> \u00edmperat t\u00edbi Deus F\u00edlius; <b>+<\/b> \u00edmperat t\u00edbi D\u00e9us Sp\u00edritus S\u00e1nctus. <b>+<\/b> \u00cdmperat t\u00edbi maj\u00e9stas Chr\u00edsti, aet\u00e9rnum Dei V\u00e9rbum c\u00e1ro factum, <b>+<\/b> qui pro sal\u00fate g\u00e9neris n\u00f3stri tua inv\u00eddia p\u00e9rditi, humili\u00e1vit semet\u00edpsum f\u00e1ctus ob\u00e9diens \u00fasque ad m\u00f3rtem (Phil 2); qui Eccl\u00e9siam s\u00faam aedific\u00e1vit s\u00fapra f\u00edrmam p\u00e9tram, et p\u00f3rtas \u00ednferi adv\u00e9rsus eam n\u00famquam esse praevalit\u00faras ed\u00edxit, cum ea ipse permans\u00farus \u00f3mnibus di\u00e9bus \u00fasque ad consummati\u00f3nem sa\u00e9culi (Matt 28, 20).<\/p>\n<p>\u00cdmperat t\u00edbi sacram\u00e9ntum Cr\u00facis, + omni\u00famque christi\u00e1nae f\u00eddei Mysteri\u00f3rum virtus. <b>+<\/b> Imperat tibit exc\u00e9lsa Dei G\u00e9nitrix Virgo Maria, <b>+<\/b>quae superb\u00edssimum c\u00e1put tuum a pr\u00edmo inst\u00e1nti immacul\u00e1tae suae concepti\u00f3nis in sua humilit\u00e1te contr\u00edvit. \u00cdmperat t\u00edbi f\u00eddes sanct\u00f3rum Apostol\u00f3rum P\u00e9tri et P\u00e1uli, et ceter\u00f3rum Apostol\u00f3rum. <b>+<\/b> \u00cdmperat t\u00edbi M\u00e1rtyrum s\u00e1nguis, ac pia Sanct\u00f3rum et Sanct\u00e1rum \u00f3mnium interc\u00e9ssio. <b>+<\/b><\/p>\n<p>\u00c9rgo, dr\u00e1co maled\u00edcte et \u00f3mnis l\u00e9gio diab\u00f3lica, adjur\u00e1mus te per D\u00e9um <b>+<\/b>v\u00edvum, per D\u00e9um <b>+<\/b> v\u00e9rum, per D\u00e9um <b>+<\/b> s\u00e1nctum, per D\u00e9um qui sic dil\u00e9xit m\u00fandum, ut F\u00edlium suum unig\u00e9nitum d\u00e1ret, ut \u00f3mnis qui cr\u00e9dit in eum non p\u00e9reat, sed h\u00e1beat v\u00edtam aet\u00e9rnam (Jn 3): c\u00e9ssa dec\u00edpere hum\u00e1nas creat\u00faras, e\u00edsque aet\u00e9rnae perditi\u00f3nis ven\u00e9num propin\u00e1re: d\u00e9sine Eccl\u00e9siae noc\u00e9re et \u00e9jus libert\u00e1ti l\u00e1queros inj\u00edcere.<\/p>\n<p>V\u00e1de s\u00e1tana, inv\u00e9ntor et mag\u00edster \u00f3mnis fall\u00e1ciae, h\u00f3stis hum\u00e1nae sal\u00fatis. Da l\u00f3cum Chr\u00edsto, in quo n\u00edhil inven\u00edsti de op\u00e9ribus tuis; da l\u00f3cum Eccl\u00e9sia Uni, Sanctae, Cath\u00f3licae, et Apost\u00f3licae, quam Chr\u00edstus \u00edpse acquis\u00edvit s\u00e1nguine suo. Humili\u00e1re sub pot\u00e9nti m\u00e1nu Dei; contrem\u00edsce et \u00e9ffuge, invoc\u00e1to a n\u00f3bis s\u00e1ncto et terr\u00edbili nomin\u00e9 J\u00e9su, quem \u00ednferi tr\u00e9munt, cui Virt\u00fates cael\u00f3rum et Potest\u00e1tes et Dominati\u00f3nes subj\u00e9ctae sunt, quem Ch\u00e9rubim et S\u00e9raphim indef\u00e9ssis v\u00f3cibus l\u00e1udant, dic\u00e9ntes: S\u00e1nctus, Sanctus, Sanctus D\u00f3minus D\u00e9us S\u00e1baoth.<\/p>\n<p>V. D\u00f3mine, ex\u00e1udi orati\u00f3nem m\u00e9am.<br \/>\nR. Et cl\u00e1mor meus ad te v\u00e9niat.<\/p>\n<p>(<i>Si fuerit clericus<\/i>: V. D\u00f3minus vob\u00edscum.R. Et cum sp\u00edrito tuo.)<\/p>\n<p>Or\u00e9mus<\/p>\n<p>D\u00e9us ca\u00e9li, Deus t\u00e9rr\u00e6, Deus Angel\u00f3rum, Deus Archangel\u00f3rum, Deus Patriarch\u00e1rum, Deus Prophet\u00e1rum, Deus Apostol\u00f3rum, Deus M\u00e1rtyrum, Deus Confess\u00f3rum, Deus V\u00edrginium, Deus, qui potest\u00e1tem h\u00e1bes don\u00e1re v\u00edtam post m\u00f3rtem, r\u00e9quiem post lab\u00f3rem: quia non est \u00e1lias Deus pr\u00e6ter te, nec esse p\u00f3test n\u00edsi tu Cre\u00e1tor \u00f3mnium visib\u00edlium et invisib\u00edlium, cujus r\u00e9gni non \u00e9rit finis: hum\u00edliter majest\u00e1ti gl\u00f3riae tuae supplic\u00e1mus, ut ab \u00f3mni infern\u00e1lium spir\u00edtuum potest\u00e1te, l\u00e1queo, dec\u00e9ption et nequ\u00edtia nos pot\u00e9nter liber\u00e1re, et inc\u00f3lumes custod\u00edre dign\u00e9ris.<br \/>\nPer Chr\u00edstum D\u00f3minum n\u00f3strum. \u00c1men.<\/p>\n<p>V. Ab ins\u00eddiis di\u00e1boli,<br \/>\nR. l\u00edbera nos, D\u00f3mine.<br \/>\nV. Ut Eccl\u00e9siam tuam sec\u00fara t\u00edbi f\u00e1cias libert\u00e1te serv\u00edre,<br \/>\nR. te rog\u00e1mus, \u00e1udi nos.<br \/>\nV. Ut inim\u00edcos s\u00e1nctae Eccl\u00e9siae humili\u00e1re dign\u00e9ris,<br \/>\nR. te rog\u00e1mus, \u00e1udi nos.<\/p>\n<p>Et aspergatur locus aqua benedicta<\/p>\n<p>&nbsp;<\/td>\n<td width=\"250\">In the Name of the Father and of the Son and of the Holy Ghost, Amen.<b>Psalm 67<\/b><\/p>\n<p>Let God arise and let His enemies be scattered: and let them that hate Him flee from before His Face!<br \/>\nAs smoke vanisheth, so let them vanish away: as wax melteth before the fire, so let the wicked perish at the presence of God.<\/p>\n<p><b>Psalm 34<\/b><\/p>\n<p>Judge Thou, O Lord, them that wrong me: overthrow them that fight against me.<br \/>\nLet them be confounded and ashamed that seek after my soul. Let them be turned back and be confounded that devise evil against me.<br \/>\nLet them become as dust before the wind: and let the Angel of the Lord straighten them.<br \/>\nLet their way become dark and slippery: and let the Angel of the Lord pursue them.<br \/>\nFor without cause they have hidden their net for me unto destruction: without cause they have upbraided my soul.<br \/>\nLet the snare which he knoweth not, come upon him: and let the net which he hath hidden, catch him: and into that very snare let him fall.<br \/>\nBut my soul shall rejoice in the Lord, and shall be delighted in His salvation .<br \/>\nGlory be to the Father, and to the Son, and to the Holy Ghost, as it was in the beginning, is now and ever shall be, world without end, Amen.<\/p>\n<p><b>Prayer to St. Michael the Archangel<\/b><\/p>\n<p>O most glorious Prince of the Heavenly Armies, St. Michael the Archangel, defend us in the battle and in our wrestling against the principalities and powers, against the rulers of the world of this darkness, against the spirits of wickedness in the high places (Eph 6:12). Come to the aid of men, whom God created incorruptible, and to the image of His own Likeness He made them, and from the tyranny of the devil He bought them at a great price (Wis 2:23, Cor 7:23).<\/p>\n<p>Fight the battles of the Lord today with the Army of the Blessed Angels, as once thou didst fight against Lucifer, the first in pride, and his apostate angels; and they prevailed not: neither was their place found anymore in Heaven. But that great dragon was cast out, the old serpent, who is called the devil and satan, who seduces the whole world. And he was cast unto the earth, and his angels were thrown down with him (Apoc 12:8-9).<\/p>\n<p>Behold, the ancient enemy and murderer strongly raises his head! Transformed into an angel of light, with the entire horde of wicked spirits he goes about everywhere and takes possession of the earth, so that therein he may blot out the Name of God and of His Christ and steal away, afflict and ruin unto everlasting destruction the souls destined for a crown of eternal glory.<\/p>\n<p>On men depraved in mind and corrupt in heart the wicked dragon pours out like a most foul river, the poison of his villainy, a spirit of lying, impiety and blasphemy, and the deadly breath of lust and of all iniquities and vices.<\/p>\n<p>His most crafty enemies have engulfed the Church, the Spouse of the Immaculate Lamb, with sorrows; they have drenched her with wormwood; on all her desirable things they have laid their wicked hands. Where the See of the Blessed Peter and the Chair of Truth have been set up for the light of the Gentiles, there they have placed the throne of the abomination of their wickedness, so that, the Pastor having been struck, they may also be able to scatter the flock.<\/p>\n<p>Therefore, O thou unconquerable Leader, be present with the people of God and against the spiritual wickedness which are bursting in upon them; and bring them the victory. The Holy Church venerates thee as its guardian and patron; and it glories in the fact that thou art its defender against the wicked powers of earth and hell. To thee the Lord has assigned the souls of the redeemed to be placed in Heavenly bliss. Beseech the God of Peace to crush Satan under our feet, that he may no more be able to hold men captive and to harm the Church. Offer our prayers in the sight of the Most High, so that the mercies of the Lord may quickly come to our aid, that thou mayest seize the dragon, the ancient serpent, who is the devil and satan and that having bound him, thou mayest cast him into the bottomless pit, so that he may no more seduce the nations (Apoc 20:3).<\/p>\n<p>Hence confiding in thy protection and guardianship,<br \/>\n(<i>for priests:<\/i> by the sacred authority of our ministry,)<br \/>\n(<i>For laymen:<\/i> by the sacred authority of Holy Mother Church),<br \/>\nwe confidently and securely begin the task in the name of Jesus Christ our God and Lord, of driving away the attacks of diabolical deceit.<\/p>\n<p>V. Behold the Cross of the Lord, flee away ye hostile forces.<br \/>\nR. The Lion of the tribe of Judah, the root of David hath conquered<br \/>\nV. May Thy mercy, O Lord, be upon us,<br \/>\nR. Because we have hoped in Thee.<br \/>\nV. O Lord, hear my prayer,<br \/>\nR. And let my cry come unto Thee.<br \/>\n(<i>for priests:<\/i> V. The Lord be with you, R.And with thy spirit.<\/p>\n<p>Let us pray:<\/p>\n<p>O God and Father of Our Lord Jesus Christ, we invoke Thy holy name, and we humbly implore Thy mercy, that by the intercession of the Mother of God Mary Immaculate ever Virgin, of Blessed Michael the Archangel, of Blessed Joseph the Spouse of the same Blessed Virgin, of the Blessed Apostles Peter and Paul and of all the Saints, Thou wouldst deign to afford us help against Satan and all the other unclean spirits and against whatever wanders throughout the world to do harm to the human race and to ruin souls, through the same Christ Our Lord,<br \/>\nR. Amen.<\/p>\n<p><b>Exorcism<\/b><\/p>\n<p>We cast you out, every unclean spirit, every satanic power, every onslaught of the infernal adversary, every legion, every diabolical group and sect, in the name and by the power of our Lord Jesus <b>+<\/b> Christ. We command you, begone and fly far from the Church of God, from the souls made by God in His Image and redeemed by the Precious Blood of the Divine Lamb. <b>+<\/b>No longer dare, cunning serpent, to deceive the human race, to persecute God\u2019s Church, to strike God\u2019s elect and to sift them as wheat. <b>+<\/b> For the Most High God commands you, <b>+<\/b> He to Whom you once proudly presumed yourself equal; He Who wills all men to be saved and come to the knowledge of Truth commands you. (1 Tim 2:4)<\/p>\n<p>God the Father <b>+<\/b> commands you. The Son of God <b>+<\/b> commands you. God the Holy <b>+<\/b> Ghost commands you. Christ, the Eternal Word of God made flesh, commands <b>+<\/b> you, Who humbled Himself, becoming obedient even unto death (Phil 2:8), to save our race from the perdition wrought by your envy; Who founded His Church upon a firm Rock, declaring that the gates of hell should never prevail against her, and that He would remain with her all days, even to the end of the world. (Mt 28:20) The sacred mystery of the Cross commands you, along with the power of all mysteries of Christian Faith. <b>+<\/b>The exalted Virgin Mary, Mother of Jesus, <b>+<\/b> commands you, who in her lowliness crushed your proud head from the first moment of her Immaculate Conception. The Faith of the holy Apostles Peter and Paul and the other Apostles <b>+<\/b> commands you. The blood of martyrs and the devout prayers of all holy men and women command <b>+<\/b> you.<\/p>\n<p>Thus, cursed dragon, and you, diabolical legions, we adjure you by the living God, <b>+<\/b> by the true God, <b>+<\/b> by the holy God, <b>+<\/b> by the God who so loved the world that He gave up His only Son, that every soul believing in Him might not perish but have life everlasting;\u201d (Jn 3:16) cease deceiving human creatures and pouring out to them the poison of eternal damnation; cease harming the Church and hindering her liberty.<\/p>\n<p>Begone, Satan, inventor and master of all deceit, enemy of man\u2019s salvation. Give place to Christ in Whom you have found none of your works; give place to the One, Holy, Catholic and Apostolic Church acquired by Christ at the price of His Blood. Stoop beneath the all-powerful Hand of God; tremble and flee when we invoke the Holy and terrible Name of Jesus, this Name which causes hell to tremble, this Name to which the Virtues, Powers and Dominations of heaven are humbly submissive, this Name which the Cherubim and Seraphim praise unceasingly repeating: Holy, Holy, Holy is the Lord, the God of Hosts.<\/p>\n<p>V. O Lord, hear my prayer.<br \/>\nR. And let my cry come unto Thee.<br \/>\n(<i>For Priests<\/i>: V. May the Lord be with thee.<br \/>\nR. And with thy spirit.)<\/p>\n<p>Let us pray.<\/p>\n<p>God of heaven, God of earth, God of Angels, God of Archangels, God of Patriarchs, God of Prophets, God of Apostles, God of Martyrs, God of Confessors, God of Virgins, God Who has power to give life after death and rest after work: because there is no other God than Thee and there can be no other, for Thou art the Creator of all things, visible and invisible, of Whose reign there shall be no end, we humbly prostrate ourselves before Thy glorious Majesty and we beseech Thee to deliver us by Thy power from all the tyranny of the infernal spirits, from their snares, their lies and their furious wickedness.<br \/>\nDeign, O Lord, to grant us Thy powerful protection and to keep us safe and sound. We beseech Thee through Jesus Christ Our Lord. Amen.<\/p>\n<p>V. From the snares of the devil,<br \/>\nR. Deliver us, O Lord.<br \/>\nV. That Thy Church may serve Thee in peace and liberty:<br \/>\nR. We beseech Thee to hear us.<br \/>\nV. That Thou may crush down all enemies of Thy Church:<br \/>\nR. We beseech Thee to hear us.<\/p>\n<p>Holy water is sprinkled in the place<\/td>\n<\/tr>\n<\/tbody>\n<\/table>\n","protected":false},"excerpt":{"rendered":"<p>Exorcismus in Satanam et Angelos Apostaticos In n\u00f3mine P\u00e1tris, et F\u00edlii, + et Spir\u00edtus Sancti. Amen.Psalmus LXVII Exs\u00fargat Deus et dissip\u00e9ntur inim\u00edci ejus: et f\u00fagiant qui od\u00e9runt eum a f\u00e1cie ejus. Sicut d\u00e9ficit fumus def\u00edciant; sicut fluit cera a f\u00e1cie &hellip; <a href=\"https:\/\/luisapiccarreta.co\/?page_id=18291\">Continue reading <span class=\"meta-nav\">&rarr;<\/span><\/a><\/p>\n","protected":false},"author":7779,"featured_media":0,"parent":0,"menu_order":0,"comment_status":"closed","ping_status":"closed","template":"","meta":{"footnotes":""},"class_list":["post-18291","page","type-page","status-publish","hentry"],"_links":{"self":[{"href":"https:\/\/luisapiccarreta.co\/index.php?rest_route=\/wp\/v2\/pages\/18291","targetHints":{"allow":["GET"]}}],"collection":[{"href":"https:\/\/luisapiccarreta.co\/index.php?rest_route=\/wp\/v2\/pages"}],"about":[{"href":"https:\/\/luisapiccarreta.co\/index.php?rest_route=\/wp\/v2\/types\/page"}],"author":[{"embeddable":true,"href":"https:\/\/luisapiccarreta.co\/index.php?rest_route=\/wp\/v2\/users\/7779"}],"replies":[{"embeddable":true,"href":"https:\/\/luisapiccarreta.co\/index.php?rest_route=%2Fwp%2Fv2%2Fcomments&post=18291"}],"version-history":[{"count":5,"href":"https:\/\/luisapiccarreta.co\/index.php?rest_route=\/wp\/v2\/pages\/18291\/revisions"}],"predecessor-version":[{"id":19354,"href":"https:\/\/luisapiccarreta.co\/index.php?rest_route=\/wp\/v2\/pages\/18291\/revisions\/19354"}],"wp:attachment":[{"href":"https:\/\/luisapiccarreta.co\/index.php?rest_route=%2Fwp%2Fv2%2Fmedia&parent=18291"}],"curies":[{"name":"wp","href":"https:\/\/api.w.org\/{rel}","templated":true}]}}