{"id":9643,"date":"2012-11-25T18:20:42","date_gmt":"2012-11-25T23:20:42","guid":{"rendered":"http:\/\/luisapiccarreta.co\/?page_id=9643"},"modified":"2016-07-14T18:02:33","modified_gmt":"2016-07-14T23:02:33","slug":"letter-from-archbishop-mons-g-b-pichierri-november-1-2012","status":"publish","type":"page","link":"https:\/\/luisapiccarreta.co\/?page_id=9643","title":{"rendered":"11\/01\/12 Letter from Archbishop Mons. G.B. Pichierri"},"content":{"rendered":"<p style=\"text-align: center;\">\n<p style=\"text-align: center;\">\n<p style=\"text-align: center;\"><a href=\"http:\/\/luisapiccarreta.co\/wp-content\/uploads\/2011\/12\/P_ArchbishopMsgrGiovanBattistaPicchieri.jpg\"><img loading=\"lazy\" decoding=\"async\" class=\"aligncenter size-full wp-image-3176\" title=\"P_ArchbishopMsgrGiovanBattistaPicchieri\" src=\"http:\/\/luisapiccarreta.co\/wp-content\/uploads\/2011\/12\/P_ArchbishopMsgrGiovanBattistaPicchieri.jpg\" alt=\"\" width=\"432\" height=\"289\" srcset=\"https:\/\/luisapiccarreta.co\/wp-content\/uploads\/2011\/12\/P_ArchbishopMsgrGiovanBattistaPicchieri.jpg 432w, https:\/\/luisapiccarreta.co\/wp-content\/uploads\/2011\/12\/P_ArchbishopMsgrGiovanBattistaPicchieri-300x200.jpg 300w\" sizes=\"auto, (max-width: 432px) 100vw, 432px\" \/><\/a><\/p>\n<p style=\"text-align: center;\"><strong>ARCHBISHOP MONS. G.B. PICHIERRI<\/strong><\/p>\n<p>Please give widest possible dissemination. Fiat!<\/p>\n<p>Si prega di dare la massione diffusione. Fiat!<\/p>\n<p>Por favor d\u00e9 la difusi\u00f3n m\u00e1s amplia posible. Fiat!<\/p>\n<p>[gview file=&#8221;http:\/\/luisapiccarreta.co\/wp-content\/uploads\/2012\/11\/Einglish-3.pdf&#8221;]<\/p>\n<p>[gview file=&#8221;http:\/\/luisapiccarreta.co\/wp-content\/uploads\/2012\/11\/COMUNICADO-3.pdf&#8221;]<\/p>\n<p>[gview file=&#8221;http:\/\/luisapiccarreta.co\/wp-content\/uploads\/2012\/11\/COMUNICATO-3.pdf&#8221;]<\/p>\n<div id=\"nuan_ria_plugin\"><\/div>\n<div id=\"nuan_ria_plugin\"><img loading=\"lazy\" decoding=\"async\" id=\"plugin0\" src=\"http:\/\/luisapiccarreta.co\/wp-includes\/js\/tinymce\/themes\/advanced\/img\/trans.gif\" alt=\"\" width=\"0\" height=\"0\" data-mce-json=\"{'video':{},'params':{'tabId':'ff-tab-0','counter':'49','src':null},'name':null,'hspace':null,'vspace':null,'align':null,'bgcolor':null}\" \/><\/div>\n","protected":false},"excerpt":{"rendered":"<p>ARCHBISHOP MONS. G.B. PICHIERRI Please give widest possible dissemination. Fiat! Si prega di dare la massione diffusione. Fiat! Por favor d\u00e9 la difusi\u00f3n m\u00e1s amplia posible. Fiat! [gview file=&#8221;http:\/\/luisapiccarreta.co\/wp-content\/uploads\/2012\/11\/Einglish-3.pdf&#8221;] [gview file=&#8221;http:\/\/luisapiccarreta.co\/wp-content\/uploads\/2012\/11\/COMUNICADO-3.pdf&#8221;] [gview file=&#8221;http:\/\/luisapiccarreta.co\/wp-content\/uploads\/2012\/11\/COMUNICATO-3.pdf&#8221;]<\/p>\n","protected":false},"author":7779,"featured_media":0,"parent":12086,"menu_order":0,"comment_status":"closed","ping_status":"closed","template":"","meta":{"footnotes":""},"class_list":["post-9643","page","type-page","status-publish","hentry"],"_links":{"self":[{"href":"https:\/\/luisapiccarreta.co\/index.php?rest_route=\/wp\/v2\/pages\/9643","targetHints":{"allow":["GET"]}}],"collection":[{"href":"https:\/\/luisapiccarreta.co\/index.php?rest_route=\/wp\/v2\/pages"}],"about":[{"href":"https:\/\/luisapiccarreta.co\/index.php?rest_route=\/wp\/v2\/types\/page"}],"author":[{"embeddable":true,"href":"https:\/\/luisapiccarreta.co\/index.php?rest_route=\/wp\/v2\/users\/7779"}],"replies":[{"embeddable":true,"href":"https:\/\/luisapiccarreta.co\/index.php?rest_route=%2Fwp%2Fv2%2Fcomments&post=9643"}],"version-history":[{"count":5,"href":"https:\/\/luisapiccarreta.co\/index.php?rest_route=\/wp\/v2\/pages\/9643\/revisions"}],"predecessor-version":[{"id":17706,"href":"https:\/\/luisapiccarreta.co\/index.php?rest_route=\/wp\/v2\/pages\/9643\/revisions\/17706"}],"up":[{"embeddable":true,"href":"https:\/\/luisapiccarreta.co\/index.php?rest_route=\/wp\/v2\/pages\/12086"}],"wp:attachment":[{"href":"https:\/\/luisapiccarreta.co\/index.php?rest_route=%2Fwp%2Fv2%2Fmedia&parent=9643"}],"curies":[{"name":"wp","href":"https:\/\/api.w.org\/{rel}","templated":true}]}}